{"id":36,"date":"2023-08-31T13:05:39","date_gmt":"2023-08-31T13:05:39","guid":{"rendered":"https:\/\/pocokvacok.hu\/?page_id=36"},"modified":"2025-05-25T10:30:29","modified_gmt":"2025-05-25T08:30:29","slug":"arak","status":"publish","type":"page","link":"https:\/\/pocokvacok.hu\/index.php\/arak\/","title":{"rendered":"Pocok Vacok Csal\u00e1di B\u00f6lcs\u0151de \u00e1rak"},"content":{"rendered":"<div style=\"text-align: justify; text-justify: inter-word;\"><strong>Eg\u00e9sz napos b\u00f6lcs\u0151dei ell\u00e1t\u00e1s teljes h\u00f3napra<\/strong> (h\u00e9tf\u0151t\u0151l- p\u00e9ntekig 7:30-15:30 \u00f3ra k\u00f6z\u00f6tt) 100 000 Ft\/ h\u00f3. Az \u00e1r tartalmazza a gondoz\u00e1si \u00e9s \u00e9tkez\u00e9si d\u00edjat (reggeli, t\u00edz\u00f3rai, eb\u00e9d, uzsonna).<\/div>\n<div style=\"margin-top: 10px;\"><\/div>\n<div style=\"text-align: justify; text-justify: inter-word;\"><strong>F\u00e9l napos b\u00f6lcs\u0151dei ell\u00e1t\u00e1s teljes h\u00f3napra<\/strong> ( h\u00e9tf\u0151t\u0151l -p\u00e9ntekig 7:30-13 \u00f3ra k\u00f6z\u00f6tt) 90 000 Ft\/ h\u00f3. Az \u00e1r tartalmazza a gondoz\u00e1si \u00e9s \u00e9tkez\u00e9si d\u00edjat (reggeli, t\u00edz\u00f3rai, eb\u00e9d).<\/div>\n<div style=\"margin-top: 10px;\"><\/div>\n<p><strong>Id\u0151szakos gyermekfel\u00fcgyelet:<\/strong><\/p>\n<ul>\n<li>Eg\u00e9sz napos ell\u00e1t\u00e1s alkalmank\u00e9nt: 8000 Ft\/nap<\/li>\n<li>F\u00e9l napos ell\u00e1t\u00e1s alkalmank\u00e9nt: 7000 Ft\/ f\u00e9l nap<\/li>\n<li>Id\u0151n t\u00fali fel\u00fcgyelet: 2000 Ft\/\u00f3ra<\/li>\n<\/ul>\n<div style=\"text-align: justify; text-justify: inter-word;\"><\/div>\n","protected":false},"excerpt":{"rendered":"<p>Eg\u00e9sz napos b\u00f6lcs\u0151dei ell\u00e1t\u00e1s teljes h\u00f3napra (h\u00e9tf\u0151t\u0151l- p\u00e9ntekig 7:30-15:30 \u00f3ra k\u00f6z\u00f6tt) 100 000 Ft\/ h\u00f3. Az \u00e1r tartalmazza a gondoz\u00e1si \u00e9s \u00e9tkez\u00e9si d\u00edjat (reggeli, t\u00edz\u00f3rai, eb\u00e9d, uzsonna). F\u00e9l napos b\u00f6lcs\u0151dei &#8230;<\/p>\n","protected":false},"author":1,"featured_media":0,"parent":0,"menu_order":0,"comment_status":"closed","ping_status":"closed","template":"","meta":{"footnotes":""},"class_list":["post-36","page","type-page","status-publish","hentry"],"_links":{"self":[{"href":"https:\/\/pocokvacok.hu\/index.php\/wp-json\/wp\/v2\/pages\/36","targetHints":{"allow":["GET"]}}],"collection":[{"href":"https:\/\/pocokvacok.hu\/index.php\/wp-json\/wp\/v2\/pages"}],"about":[{"href":"https:\/\/pocokvacok.hu\/index.php\/wp-json\/wp\/v2\/types\/page"}],"author":[{"embeddable":true,"href":"https:\/\/pocokvacok.hu\/index.php\/wp-json\/wp\/v2\/users\/1"}],"replies":[{"embeddable":true,"href":"https:\/\/pocokvacok.hu\/index.php\/wp-json\/wp\/v2\/comments?post=36"}],"version-history":[{"count":13,"href":"https:\/\/pocokvacok.hu\/index.php\/wp-json\/wp\/v2\/pages\/36\/revisions"}],"predecessor-version":[{"id":259,"href":"https:\/\/pocokvacok.hu\/index.php\/wp-json\/wp\/v2\/pages\/36\/revisions\/259"}],"wp:attachment":[{"href":"https:\/\/pocokvacok.hu\/index.php\/wp-json\/wp\/v2\/media?parent=36"}],"curies":[{"name":"wp","href":"https:\/\/api.w.org\/{rel}","templated":true}]}}